{"id":30844,"date":"2025-05-13T05:02:12","date_gmt":"2025-05-13T05:02:12","guid":{"rendered":"https:\/\/hhdxt.mx\/?post_type=product&#038;p=30844"},"modified":"2026-04-19T01:03:22","modified_gmt":"2026-04-19T01:03:22","slug":"playera-bendicion-rm","status":"publish","type":"product","link":"https:\/\/hhdxt.mx\/?product=playera-bendicion-rm","title":{"rendered":"Playera Bendici\u00f3n RM"},"content":{"rendered":"<p>Playera Unisex 100% algod\u00f3n color blanca colecci\u00f3n Rich Mafia .<\/p>\n","protected":false},"excerpt":{"rendered":"<p>Playera Unisex 100% algod\u00f3n color blanca colecci\u00f3n Rich Mafia .<\/p>\n","protected":false},"featured_media":30847,"template":"","meta":[],"product_brand":[],"product_cat":[101],"product_tag":[],"class_list":{"0":"post-30844","1":"product","2":"type-product","3":"status-publish","4":"has-post-thumbnail","6":"product_cat-rich-mafia","7":"pa_tamano-ch","8":"pa_tamano-g","9":"pa_tamano-m","10":"pa_tamano-xl","11":"pa_tamano-xxl","13":"first","14":"instock","15":"sale","16":"shipping-taxable","17":"purchasable","18":"product-type-variable"},"_links":{"self":[{"href":"https:\/\/hhdxt.mx\/index.php?rest_route=\/wp\/v2\/product\/30844","targetHints":{"allow":["GET"]}}],"collection":[{"href":"https:\/\/hhdxt.mx\/index.php?rest_route=\/wp\/v2\/product"}],"about":[{"href":"https:\/\/hhdxt.mx\/index.php?rest_route=\/wp\/v2\/types\/product"}],"wp:featuredmedia":[{"embeddable":true,"href":"https:\/\/hhdxt.mx\/index.php?rest_route=\/wp\/v2\/media\/30847"}],"wp:attachment":[{"href":"https:\/\/hhdxt.mx\/index.php?rest_route=%2Fwp%2Fv2%2Fmedia&parent=30844"}],"wp:term":[{"taxonomy":"product_brand","embeddable":true,"href":"https:\/\/hhdxt.mx\/index.php?rest_route=%2Fwp%2Fv2%2Fproduct_brand&post=30844"},{"taxonomy":"product_cat","embeddable":true,"href":"https:\/\/hhdxt.mx\/index.php?rest_route=%2Fwp%2Fv2%2Fproduct_cat&post=30844"},{"taxonomy":"product_tag","embeddable":true,"href":"https:\/\/hhdxt.mx\/index.php?rest_route=%2Fwp%2Fv2%2Fproduct_tag&post=30844"}],"curies":[{"name":"wp","href":"https:\/\/api.w.org\/{rel}","templated":true}]}}